{"id":1145,"date":"2018-05-03T15:38:23","date_gmt":"2018-05-03T13:38:23","guid":{"rendered":"http:\/\/3stepsstore.com\/site-notice-privacy-policy\/"},"modified":"2018-05-03T15:38:56","modified_gmt":"2018-05-03T13:38:56","slug":"site-notice-privacy-policy","status":"publish","type":"page","link":"https:\/\/3stepsstore.com\/en\/site-notice-privacy-policy\/","title":{"rendered":"Site Notice &#038; Privacy Policy"},"content":{"rendered":"<h2>Information provided according to Sec. 5 German Telemedia Act (TMG):<\/h2>\n<p><strong>3StepsStore<\/strong><\/p>\n<p>Kai H. Krieger<br \/>\nKerkrader Str. 11<br \/>\n35394 Gie\u00dfen<\/p>\n<h2>Contact:<\/h2>\n<p>Telephone: +49 641 580 930 33<br \/>\nTelefax: +49 641 580 930 34<br \/>\nEmail: datenschutz@3Steps.de<\/p>\n<h2>VAT:<\/h2>\n<p>VAT Id number according to Sec. 27 a German Value Added Tax Act:<br \/>\nDE 279 031 270<\/p>\n<h2>Dispute resolution<\/h2>\n<p>The European Commission provides a platform for online dispute resolution (OS): <a href=\"https:\/\/ec.europa.eu\/consumers\/odr\" target=\"_blank\">https:\/\/ec.europa.eu\/consumers\/odr<\/a>.<br \/> Please find our email in the impressum\/legal notice.<\/p>\n<p>\u00a0<\/p>\n<p>We do not take part in online dispute resolutions at consumer arbitration boards.<\/p>\n<p>3Steps is the free Artist Collective of Kai \u201eSiveOne\u201c Krieger, Uwe \u201eDoc Nova\u201c Krieger and Joachim \u201eMr. Flash\u201c Pitt.<br \/>\n3StepsStore is the Online Store with products and works of the collective, distributed by Kai H. Krieger, 3StepsStore, UST-ID: DE 279 031 270, freelancer\/individual entrepreneur.<\/p>\n<p><strong>\u00a9 &amp; \u00ae of all work and images by 3Steps, if not otherwise stated and credited<\/strong><br \/>\nNo part of this website, texts and images may be used, exploited or reproduced in any form or any electronic or mechanical means without prior written permission of 3Steps, Gie\u00dfen Germany.<\/p>\n<h2>Disclaimer<\/h2>\n<h3>1. Scope<\/h3>\n<ul>\n<li>The imprint and the disclaimer apply to all web offers of <a title=\"3Steps urban graffiti art\" href=\"http:\/\/www.3Steps.de\" target=\"_blank\">3Steps<\/a> from Giessen, Germany. These include in particular the domains <a title=\"3Steps urban graffiti art\" href=\"http:\/\/www.3Steps.de\" target=\"_blank\">3Steps.de<\/a> and 3StepsStore.com, the newsletter\/art telegram as well the 3Steps social media pages; These include, among others:<br \/>\n<a title=\"3Steps # Facebook\" href=\"https:\/\/www.facebook.com\/3Steps.de\" target=\"_blank\">facebook.com\/3Steps.de<\/a>,<br \/>\n<a title=\"3Steps # Facebook\" href=\"https:\/\/www.facebook.com\/profile.php?id=100002805246535\" target=\"_blank\">facebook.com\/ThreeStepsCrew<\/a>,<br \/>\n<a title=\"3Steps # google+\" href=\"http:\/\/google.com\/+3stepsDe\" target=\"_blank\">google.com\/+3stepsDe<\/a>,<br \/>\n<a title=\"3Steps # Instagram\" href=\"http:\/\/instagram.com\/3Stepscrew\" target=\"_blank\">instagram.com\/3Stepscrew<\/a>,<br \/>\n<a title=\"3Steps # tumblr\" href=\"http:\/\/3stepscrew.tumblr.com\/\" target=\"_blank\">3stepscrew.tumblr.com<\/a>,<br \/>\n<a title=\"3Steps # vimeo\" href=\"http:\/\/vimeo.com\/3steps\" target=\"_blank\">vimeo.com\/3steps<\/a>,<br \/>\n<a title=\"3Steps # youtube\" href=\"http:\/\/www.youtube.com\/user\/3StepsCrew\" target=\"_blank\">youtube.com\/user\/3StepsCrew<\/a>,<br \/>\n<a title=\"3Steps # twitter\" href=\"https:\/\/twitter.com\/3StepsCrew\" target=\"_blank\">twitter.com\/3StepsCrew<\/a>,<br \/>\n<a title=\"3Steps # myspace\" href=\"http:\/\/www.myspace.com\/3stepscrew\" target=\"_blank\">myspace.com\/3stepscrew<\/a>,<br \/>\n<a title=\"3Steps # flickr\" href=\"http:\/\/www.flickr.com\/photos\/3stepscrew\/\" target=\"_blank\">flickr.com\/photos\/3stepscrew<\/a>.<br \/>\n<a title=\"3Steps # Pinterest\" href=\"http:\/\/www.pinterest.com\/3stepscrew\/\" target=\"_blank\">pinterest.com\/3stepscrew<\/a>.<\/li>\n<\/ul>\n<h3>Liability for Contents<\/h3>\n<p>As service providers, we are liable for own contents of these websites according to Sec. 7, paragraph 1 German Telemedia Act (TMG). However, according to Sec. 8 to 10 German Telemedia Act (TMG), service providers are not obligated to permanently monitor submitted or stored information or to search for evidences that indicate illegal activities.<\/p>\n<p>Legal obligations to removing information or to blocking the use of information remain unchallenged. In this case, liability is only possible at the time of knowledge about a specific violation of law. Illegal contents will be removed immediately at the time we get knowledge of them.<\/p>\n<h3>Liability for Links<\/h3>\n<p>Our offer includes links to external third party websites. We have no influence on the contents of those websites, therefore we cannot guarantee for those contents. Providers or administrators of linked websites are always responsible for their own contents.<\/p>\n<p>The linked websites had been checked for possible violations of law at the time of the establishment of the link. Illegal contents were not detected at the time of the linking. A permanent monitoring of the contents of linked websites cannot be imposed without reasonable indications that there has been a violation of law. Illegal links will be removed immediately at the time we get knowledge of them.<\/p>\n<h3>Copyright<\/h3>\n<p>Contents and compilations published on these websites by the providers are subject to German copyright laws. Reproduction, editing, distribution as well as the use of any kind outside the scope of the copyright law require a written permission of the author or originator. Downloads and copies of these websites are permitted for private use only.<br \/> The commercial use of our contents without permission of the originator is prohibited.<\/p>\n<p>Copyright laws of third parties are respected as long as the contents on these websites do not originate from the provider. Contributions of third parties on this site are indicated as such. However, if you notice any violations of copyright law, please inform us. Such contents will be removed immediately.<\/p>\n<p>\u00a0<\/p>\n<h1>Privacy Policy<\/h1>\n<h2>1. An overview of data protection<\/h2>\n<h3>Analytics and third-party tools<\/h3>\n<p>When visiting our website, statistical analyses may be made of your surfing behavior. This happens primarily using cookies and analytics. The analysis of your surfing behavior is usually anonymous, i.e. we will not be able to identify you from this data. You can object to this analysis or prevent it by not using certain tools. Detailed information can be found in the following privacy policy.<\/p>\n<p>You can object to this analysis. We will inform you below about how to exercise your options in this regard.<\/p>\n<h2>2. General information and mandatory information<\/h2>\n<h3>Data protection<\/h3>\n<p>The operators of this website take the protection of your personal data very seriously. We treat your personal data as confidential and in accordance with the statutory data protection regulations and this privacy policy.<\/p>\n<p>If you use this website, various pieces of personal data will be collected. Personal information is any data with which you could be personally identified. This privacy policy explains what information we collect and what we use it for. It also explains how and for what purpose this happens.<\/p>\n<p>Please note that data transmitted via the internet (e.g. via email communication) may be subject to security breaches. Complete protection of your data from third-party access is not possible.<\/p>\n<h3>Notice concerning the party responsible for this website<\/h3>\n<p>The party responsible for processing data on this website is:<\/p>\n<p>Kai H. Krieger<br \/>\nKerkrader Str. 11<br \/>\n35394 Gie\u00dfen\n<\/p>\n<p>Telephone: +4964158093033<br \/>\nEmail: datenschutz@3steps.de<\/p>\n<p>The responsible party is the natural or legal person who alone or jointly with others decides on the purposes and means of processing personal data (names, email addresses, etc.).<\/p>\n<h3>Revocation of your consent to the processing of your data<\/h3>\n<p>Many data processing operations are only possible with your express consent. You may revoke your consent at any time with future effect. An informal email making this request is sufficient. The data processed before we receive your request may still be legally processed.<\/p>\n<h3>Right to file complaints with regulatory authorities<\/h3>\n<p>If there has been a breach of data protection legislation, the person affected may file a complaint with the competent regulatory authorities. The competent regulatory authority for matters related to data protection legislation is the data protection officer of the German state in which our company is headquartered. A list of data protection officers and their contact details can be found at the following link: <a href=\"https:\/\/www.bfdi.bund.de\/DE\/Infothek\/Anschriften_Links\/anschriften_links-node.html\" target=\"_blank\">https:\/\/www.bfdi.bund.de\/DE\/Infothek\/Anschriften_Links\/anschriften_links-node.html<\/a>.<\/p>\n<h3>Right to data portability<\/h3>\n<p>You have the right to have data which we process based on your consent or in fulfillment of a contract automatically delivered to yourself or to a third party in a standard, machine-readable format. If you require the direct transfer of data to another responsible party, this will only be done to the extent technically feasible.<\/p>\n<h3>SSL or TLS encryption<\/h3>\n<p>This site uses SSL or TLS encryption for security reasons and for the protection of the transmission of confidential content, such as the inquiries you send to us as the site operator. You can recognize an encrypted connection in your browser&#8217;s address line when it changes from &#8220;http:\/\/&#8221; to &#8220;https:\/\/&#8221; and the lock icon is displayed in your browser&#8217;s address bar.<\/p>\n<p>If SSL or TLS encryption is activated, the data you transfer to us cannot be read by third parties.<\/p>\n<h3>Encrypted payments on this website<\/h3>\n<p>If you enter into a contract which requires you to send us your payment information (e.g. account number for direct debits), we will require this data to process your payment.<\/p>\n<p>Payment transactions using common means of payment (Visa\/MasterCard, direct debit) are only made via encrypted SSL or TLS connections. You can recognize an encrypted connection in your browser&#8217;s address line when it changes from &#8220;http:\/\/&#8221; to &#8220;https:\/\/&#8221; and the lock icon in your browser line is visible.<\/p>\n<p>In the case of encrypted communication, any payment details you submit to us cannot be read by third parties.<\/p>\n<h3>Information, blocking, deletion<\/h3>\n<p>As permitted by law, you have the right to be provided at any time with information free of charge about any of your personal data that is stored as well as its origin, the recipient and the purpose for which it has been processed. You also have the right to have this data corrected, blocked or deleted. You can contact us at any time using the address given in our legal notice if you have further questions on the topic of personal data.<\/p>\n<h3>Opposition to promotional emails<\/h3>\n<p>We hereby expressly prohibit the use of contact data published in the context of website legal notice requirements with regard to sending promotional and informational materials not expressly requested. The website operator reserves the right to take specific legal action if unsolicited advertising material, such as email spam, is received.<\/p>\n<h2>3. Data collection on our website<\/h2>\n<h3>Cookies<\/h3>\n<p>Some of our web pages use cookies. Cookies do not harm your computer and do not contain any viruses. Cookies help make our website more user-friendly, efficient, and secure. Cookies are small text files that are stored on your computer and saved by your browser.<\/p>\n<p>Most of the cookies we use are so-called &#8220;session cookies.&#8221; They are automatically deleted after your visit. Other cookies remain in your device&#8217;s memory until you delete them. These cookies make it possible to recognize your browser when you next visit the site.<\/p>\n<p>You can configure your browser to inform you about the use of cookies so that you can decide on a case-by-case basis whether to accept or reject a cookie. Alternatively, your browser can be configured to automatically accept cookies under certain conditions or to always reject them, or to automatically delete cookies when closing your browser. Disabling cookies may limit the functionality of this website.<\/p>\n<p>Cookies which are necessary to allow electronic communications or to provide certain functions you wish to use (such as the shopping cart) are stored pursuant to Art. 6 paragraph 1, letter f of DSGVO. The website operator has a legitimate interest in the storage of cookies to ensure an optimized service provided free of technical errors. If other cookies (such as those used to analyze your surfing behavior) are also stored, they will be treated separately in this privacy policy.<\/p>\n<h3>Server log files<\/h3>\n<p>The website provider automatically collects and stores information that your browser automatically transmits to us in &#8220;server log files&#8221;. These are:<\/p>\n<ul>\n<li>Browser type and browser version<\/li>\n<li>Operating system used<\/li>\n<li>Referrer URL<\/li>\n<li>Host name of the accessing computer<\/li>\n<li>Time of the server request<\/li>\n<li>IP address<\/li>\n<\/ul>\n<p>These data will not be combined with data from other sources.<\/p>\n<p>The basis for data processing is Art. 6 (1) (b) DSGVO, which allows the processing of data to fulfill a contract or for measures preliminary to a contract.<\/p>\n<h3>Registration on this website<\/h3>\n<p>You can register on our website in order to access additional functions offered here. The input data will only be used for the purpose of using the respective site or service for which you have registered. The mandatory information requested during registration must be provided in full. Otherwise, we will reject your registration.<\/p>\n<p>To inform you about important changes such as those within the scope of our site or technical changes, we will use the email address specified during registration.<\/p>\n<p>We will process the data provided during registration only based on your consent per Art. 6 (1)(a) DSGVO. You may revoke your consent at any time with future effect. An informal email making this request is sufficient. The data processed before we receive your request may still be legally processed.<\/p>\n<p>We will continue to store the data collected during registration for as long as you remain registered on our website. Statutory retention periods remain unaffected.<\/p>\n<h3>Processing of data (customer and contract data)<\/h3>\n<p>We collect, process, and use personal data only insofar as it is necessary to establish, or modify legal relationships with us (master data). This is done based on Art. 6 (1) (b) DSGVO, which allows the processing of data to fulfill a contract or for measures preliminary to a contract. We collect, process and use your personal data when accessing our website (usage data) only to the extent required to enable you to access our service or to bill you for the same.<\/p>\n<p>Collected customer data shall be deleted after completion of the order or termination of the business relationship. Legal retention periods remain unaffected.<\/p>\n<h3>Data transmitted when entering into a contract with online shops, retailers, and mail order<\/h3>\n<p>We transmit personally identifiable data to third parties only to the extent required to fulfill the terms of your contract, for example, to companies entrusted to deliver goods to your location or banks entrusted to process your payments. Your data will not be transmitted for any other purpose unless you have given your express permission to do so. Your data will not be disclosed to third parties for advertising purposes without your express consent.<\/p>\n<p>The basis for data processing is Art. 6 (1) (b) DSGVO, which allows the processing of data to fulfill a contract or for measures preliminary to a contract.<\/p>\n<h2>4. Plugins and tools<\/h2>\n<h3>Google Web Fonts<\/h3>\n<p>For uniform representation of fonts, this page uses web fonts provided by Google. When you open a page, your browser loads the required web fonts into your browser cache to display texts and fonts correctly.<\/p>\n<p>When you call up a page of our website that contains a social plugin, your browser makes a direct connection with Google servers. Google thus becomes aware that our web page was accessed via your IP address. The use of Google Web fonts is done in the interest of a uniform and attractive presentation of our website. This constitutes a justified interest pursuant to Art. 6 (1) (f) DSGVO.<\/p>\n<p>If your browser does not support web fonts, a standard font is used by your computer.<\/p>\n<p>Further information about handling user data, can be found at <a href=\"https:\/\/developers.google.com\/fonts\/faq\" target=\"_blank\">https:\/\/developers.google.com\/fonts\/faq<\/a> and in Google&#8217;s privacy policy at <a href=\"https:\/\/www.google.com\/policies\/privacy\/\" target=\"_blank\">https:\/\/www.google.com\/policies\/privacy\/<\/a>.<\/p>\n<h2>5. Payment service providers<\/h2>\n<h3>PayPal<\/h3>\n<p>Our website accepts payments via PayPal. The provider of this service is PayPal (Europe) S.\u00e0.r.l &#038; Cie, S.C.A. (22-24 Boulevard Royal, L-2449 Luxembourg.<\/p>\n<p>If you select payment via PayPal, the payment data you provide will be supplied to PayPal based on Art. 6 (1) (a) (Consent) and Art. 6 (1) (b) DSGVO (Processing for contract purposes). You have the option to revoke your consent at any time with future effect. It does not affect the processing of data previously collected.<\/p>\n<h3>Stripe<\/h3>\n<p>Auf unserer Website bieten wir u.a. die Bezahlung mit den Diensten von Stripe an. Anbieter ist Stripe Payments Europe Ltd, C\/O A&#038;L Goodbody, Ifsc, North Wall Quay, Dublin 1, Ireland (im Folgenden \u201cStripe\u201d).<\/p>\n<p>Stripe bietet verschiedene Zahlungsoptionen an. Wenn Sie sich f\u00fcr die Bezahlung mit Stripe entscheiden (Stripe-Checkout-L\u00f6sung), wird Stripe verschiedene personenbezogene Daten von Ihnen erheben. Details hierzu k\u00f6nnen Sie in der Datenschutzerkl\u00e4rung von Stripe unter folgendem Link nachlesen: <a href=\"https:\/\/stripe.com\/de\/privacy\" target=\"_blank\">https:\/\/stripe.com\/de\/privacy<\/a>.<\/p>\n<p>Stripe nutzt Cookies, um die Verwendung der Stripe-Checkout-L\u00f6sung zu optimieren. Die Optimierung der Checkout-L\u00f6sung stellt ein berechtigtes Interesse im Sinne von Art. 6 Abs. 1 lit. f DSGVO dar. Cookies sind kleine Textdateien, die auf Ihrem Endger\u00e4t gespeichert werden und keinen Schaden anrichten. Sie verbleiben auf Ihrem Endger\u00e4t bis Sie sie l\u00f6schen. Details zum Einsatz von Stripe-Cookies entnehmen Sie folgendem Link: <a href=\"https:\/\/stripe.com\/cookies-policy\/legal\" target=\"_blank\">https:\/\/stripe.com\/cookies-policy\/legal<\/a>.<\/p>\n<p>Die \u00dcbermittlung Ihrer Daten an Stripe erfolgt auf Grundlage von Art. 6 Abs. 1 lit. a DSGVO (Einwilligung) und Art. 6 Abs. 1 lit. b DSGVO (Verarbeitung zur Erf\u00fcllung eines Vertrags). Sie haben die M\u00f6glichkeit, Ihre Einwilligung zur Datenverarbeitung jederzeit zu widerrufen. Ein Widerruf wirkt sich auf die Wirksamkeit von in der Vergangenheit liegenden Datenverarbeitungsvorg\u00e4ngen nicht aus.<\/p>\n<h3>Klarna<\/h3>\n<p>Our website accepts payments via Stripe. This service is provided by Stripe Payments Europe Ltd, C\/O A&#038;L Goodbody, Ifsc, North Wall Quay, Dublin 1, Ireland.<\/p>\n<p>Stripe offers various payment options (e.g. installment payments). If you opt to pay using Stripe, Stripe will collect various pieces of personal data from you. Further information can be found in the Stripe privacy policy: <a href=\"https:\/\/stripe.com\/de\/privacy\" target=\"_blank\">https:\/\/stripe.com\/de\/privacy<\/a>.<\/p>\n<p>Stripe uses cookies to optimize the use of Stripe checkout solution. Optimizing the checkout solution provides a legitimate interest within the meaning of Art. 6 (1) (f) DSGVO. Cookies are small text files that are stored on your device and do no harm. They remain on your device until you delete them. For further information on how Stripe uses cookies, go to the following link: <a href=\"https:\/\/stripe.com\/cookies-policy\/legal\" target=\"_blank\">https:\/\/stripe.com\/cookies-policy\/legal<\/a>.<\/p>\n<p>Data is transmitted to Stripe based on Art. 6 (1)(a) (Consent) and Art. 6 (1)(b) DSGVO (Processing for contract purposes). You have the option to revoke your consent at any time with future effect. It does not affect the processing of data previously collected.<\/p>\n","protected":false},"excerpt":{"rendered":"<p>Information provided according to Sec. 5 German Telemedia Act (TMG): 3StepsStore Kai H. Krieger Kerkrader Str. 11 35394 Gie\u00dfen Contact: Telephone: +49 641 580 930 33 Telefax: +49 641 580 &#8230;<\/p>\n","protected":false},"author":1,"featured_media":0,"parent":0,"menu_order":0,"comment_status":"closed","ping_status":"closed","template":"template-fullwidth.php","meta":{"footnotes":""},"class_list":["post-1145","page","type-page","status-publish","hentry"],"_links":{"self":[{"href":"https:\/\/3stepsstore.com\/en\/wp-json\/wp\/v2\/pages\/1145","targetHints":{"allow":["GET"]}}],"collection":[{"href":"https:\/\/3stepsstore.com\/en\/wp-json\/wp\/v2\/pages"}],"about":[{"href":"https:\/\/3stepsstore.com\/en\/wp-json\/wp\/v2\/types\/page"}],"author":[{"embeddable":true,"href":"https:\/\/3stepsstore.com\/en\/wp-json\/wp\/v2\/users\/1"}],"replies":[{"embeddable":true,"href":"https:\/\/3stepsstore.com\/en\/wp-json\/wp\/v2\/comments?post=1145"}],"version-history":[{"count":1,"href":"https:\/\/3stepsstore.com\/en\/wp-json\/wp\/v2\/pages\/1145\/revisions"}],"predecessor-version":[{"id":1146,"href":"https:\/\/3stepsstore.com\/en\/wp-json\/wp\/v2\/pages\/1145\/revisions\/1146"}],"wp:attachment":[{"href":"https:\/\/3stepsstore.com\/en\/wp-json\/wp\/v2\/media?parent=1145"}],"curies":[{"name":"wp","href":"https:\/\/api.w.org\/{rel}","templated":true}]}}